{"id":191,"date":"2019-06-05T17:16:52","date_gmt":"2019-06-05T15:16:52","guid":{"rendered":"http:\/\/www.praxis-wohlgenannt.at\/2\/?page_id=191"},"modified":"2023-09-06T19:42:34","modified_gmt":"2023-09-06T17:42:34","slug":"basisuntersuchung-bei-wiederkehrenden-und-oder-anhaltenden-schmerzen","status":"publish","type":"page","link":"https:\/\/www.praxis-wohlgenannt.at\/2\/basisuntersuchung-bei-wiederkehrenden-und-oder-anhaltenden-schmerzen\/","title":{"rendered":"BASISUNTERSUCHUNG"},"content":{"rendered":"\n<p> Hilfreich ist das Dokumentieren mit Hilfe eines Schmerzkalenders, damit gute Informationen \u00fcber H\u00e4ufigkeit, Dauer, Lokalisation, Intensit\u00e4t, Medikamentenbedarf und Begleiterscheinungen (z.B Erbrechen, Durchfall, Verstopfung, Fieber &#8230;) erhoben werden k\u00f6nnen. <\/p>\n\n\n\n<p>Wir k\u00f6nnen dann bei Bedarf in einer Ultraschalluntersuchung (idealerweise n\u00fcchtern mit voller Blase) und einer Basis-Blutuntersuchung, eventuell Stuhlprobe, erste diagnostische Schritte setzen. <\/p>\n\n\n\n<a href=\"https:\/\/www.praxis-wohlgenannt.at\/2\/?page_id=35\">Zur\u00fcck zu den Leistungen<\/a>\n","protected":false},"excerpt":{"rendered":"<p>Hilfreich ist das Dokumentieren mit Hilfe eines Schmerzkalenders, damit gute Informationen \u00fcber H\u00e4ufigkeit, Dauer, Lokalisation, Intensit\u00e4t, Medikamentenbedarf und Begleiterscheinungen (z.B Erbrechen, Durchfall, Verstopfung, Fieber &#8230;) erhoben werden k\u00f6nnen. Wir k\u00f6nnen dann bei Bedarf in einer Ultraschalluntersuchung (idealerweise n\u00fcchtern mit voller Blase) und einer Basis-Blutuntersuchung, eventuell Stuhlprobe, erste diagnostische Schritte setzen. Zur\u00fcck zu den Leistungen<\/p>\n","protected":false},"author":1,"featured_media":0,"parent":0,"menu_order":0,"comment_status":"closed","ping_status":"closed","template":"","meta":{"footnotes":""},"_links":{"self":[{"href":"https:\/\/www.praxis-wohlgenannt.at\/2\/wp-json\/wp\/v2\/pages\/191"}],"collection":[{"href":"https:\/\/www.praxis-wohlgenannt.at\/2\/wp-json\/wp\/v2\/pages"}],"about":[{"href":"https:\/\/www.praxis-wohlgenannt.at\/2\/wp-json\/wp\/v2\/types\/page"}],"author":[{"embeddable":true,"href":"https:\/\/www.praxis-wohlgenannt.at\/2\/wp-json\/wp\/v2\/users\/1"}],"replies":[{"embeddable":true,"href":"https:\/\/www.praxis-wohlgenannt.at\/2\/wp-json\/wp\/v2\/comments?post=191"}],"version-history":[{"count":24,"href":"https:\/\/www.praxis-wohlgenannt.at\/2\/wp-json\/wp\/v2\/pages\/191\/revisions"}],"predecessor-version":[{"id":596,"href":"https:\/\/www.praxis-wohlgenannt.at\/2\/wp-json\/wp\/v2\/pages\/191\/revisions\/596"}],"wp:attachment":[{"href":"https:\/\/www.praxis-wohlgenannt.at\/2\/wp-json\/wp\/v2\/media?parent=191"}],"curies":[{"name":"wp","href":"https:\/\/api.w.org\/{rel}","templated":true}]}}