{"id":193,"date":"2019-06-05T17:19:30","date_gmt":"2019-06-05T15:19:30","guid":{"rendered":"http:\/\/www.praxis-wohlgenannt.at\/2\/?page_id=193"},"modified":"2023-09-06T19:44:28","modified_gmt":"2023-09-06T17:44:28","slug":"naechtliches-einnaessen","status":"publish","type":"page","link":"https:\/\/www.praxis-wohlgenannt.at\/2\/naechtliches-einnaessen\/","title":{"rendered":"N\u00c4CHTLICHES EINN\u00c4SSEN"},"content":{"rendered":"\n<p> Wenn n\u00e4chtliches Einn\u00e4ssen \u00fcber das 5. Lebensjahr andauert, kann eine Abkl\u00e4rung zum Ausschluss organischer Ursachen durchgef\u00fchrt werden. In der Regel handelt es sich um einen verz\u00f6gerten Reifungsprozess in der Hirn-Blasen-Achse bei famili\u00e4rer Vorbelastung. <\/p>\n\n\n\n<p>In einem ersten Schritt wird zuhause ein Miktionsprotokoll durchgef\u00fchrt. Anschlie\u00dfend erfolgt nach einer k\u00f6rperlichen Untersuchung ein Nieren- und Blasen\u2013Ultraschall mit voller Blase, dann wird eine vollst\u00e4ndige Blasenentleerung dokumentiert und der Harn untersucht.<\/p>\n\n\n\n<p>Je nach Ergebnis k\u00f6nnen dann therapeutische Schritte in Angriff genommen werden, (motivierende Ma\u00dfnahmen mit Einn\u00e4sskalender, Klingelger\u00e4t, Medikamente) <\/p>\n\n\n\n<p><a href=\"https:\/\/www.praxis-wohlgenannt.at\/2\/?page_id=35\">Zur\u00fcck zu den Leistungen<\/a><\/p>\n","protected":false},"excerpt":{"rendered":"<p>Wenn n\u00e4chtliches Einn\u00e4ssen \u00fcber das 5. Lebensjahr andauert, kann eine Abkl\u00e4rung zum Ausschluss organischer Ursachen durchgef\u00fchrt werden. In der Regel handelt es sich um einen verz\u00f6gerten Reifungsprozess in der Hirn-Blasen-Achse bei famili\u00e4rer Vorbelastung. In einem ersten Schritt wird zuhause ein Miktionsprotokoll durchgef\u00fchrt. Anschlie\u00dfend erfolgt nach einer k\u00f6rperlichen Untersuchung ein Nieren- und Blasen\u2013Ultraschall mit voller Blase, dann wird eine vollst\u00e4ndige Blasenentleerung<\/p>\n<p><a class=\"more-link\" href=\"https:\/\/www.praxis-wohlgenannt.at\/2\/naechtliches-einnaessen\/\">Weiterlesen<\/a><\/p>\n","protected":false},"author":1,"featured_media":0,"parent":0,"menu_order":0,"comment_status":"closed","ping_status":"closed","template":"","meta":{"footnotes":""},"_links":{"self":[{"href":"https:\/\/www.praxis-wohlgenannt.at\/2\/wp-json\/wp\/v2\/pages\/193"}],"collection":[{"href":"https:\/\/www.praxis-wohlgenannt.at\/2\/wp-json\/wp\/v2\/pages"}],"about":[{"href":"https:\/\/www.praxis-wohlgenannt.at\/2\/wp-json\/wp\/v2\/types\/page"}],"author":[{"embeddable":true,"href":"https:\/\/www.praxis-wohlgenannt.at\/2\/wp-json\/wp\/v2\/users\/1"}],"replies":[{"embeddable":true,"href":"https:\/\/www.praxis-wohlgenannt.at\/2\/wp-json\/wp\/v2\/comments?post=193"}],"version-history":[{"count":4,"href":"https:\/\/www.praxis-wohlgenannt.at\/2\/wp-json\/wp\/v2\/pages\/193\/revisions"}],"predecessor-version":[{"id":601,"href":"https:\/\/www.praxis-wohlgenannt.at\/2\/wp-json\/wp\/v2\/pages\/193\/revisions\/601"}],"wp:attachment":[{"href":"https:\/\/www.praxis-wohlgenannt.at\/2\/wp-json\/wp\/v2\/media?parent=193"}],"curies":[{"name":"wp","href":"https:\/\/api.w.org\/{rel}","templated":true}]}}