{"id":196,"date":"2019-06-05T17:20:38","date_gmt":"2019-06-05T15:20:38","guid":{"rendered":"http:\/\/www.praxis-wohlgenannt.at\/2\/?page_id=196"},"modified":"2023-09-06T19:47:10","modified_gmt":"2023-09-06T17:47:10","slug":"verstopfung-einkoten","status":"publish","type":"page","link":"https:\/\/www.praxis-wohlgenannt.at\/2\/verstopfung-einkoten\/","title":{"rendered":"VERSTOPFUNG\/EINKOTEN"},"content":{"rendered":"\n<p>Nicht selten bestehen Beschwerden wie Bauchweh, Appetitlosigkeit Gem\u00fctsver\u00e4nderungen, Blutbeimengung im Stuhl u\/o Kotschmieren in die Unterw\u00e4sche bei \u00fcber die Norm (&gt; 3 Tage) verz\u00f6gerter Stuhlentleerung.<\/p>\n\n\n\n<p>Wichtige Hinweise liefern Zeitpunkt des Beginnes, genaue Ern\u00e4hrungsgewohnheiten, Vorerkrankungen, famili\u00e4re Belastungen und ein Stuhlprotokoll <\/p>\n\n\n\n<p><a href=\"https:\/\/www.praxis-wohlgenannt.at\/2\/?page_id=35\">Zur\u00fcck zu den Leistungen<\/a><\/p>\n","protected":false},"excerpt":{"rendered":"<p>Nicht selten bestehen Beschwerden wie Bauchweh, Appetitlosigkeit Gem\u00fctsver\u00e4nderungen, Blutbeimengung im Stuhl u\/o Kotschmieren in die Unterw\u00e4sche bei \u00fcber die Norm (&gt; 3 Tage) verz\u00f6gerter Stuhlentleerung. Wichtige Hinweise liefern Zeitpunkt des Beginnes, genaue Ern\u00e4hrungsgewohnheiten, Vorerkrankungen, famili\u00e4re Belastungen und ein Stuhlprotokoll Zur\u00fcck zu den Leistungen<\/p>\n","protected":false},"author":1,"featured_media":0,"parent":0,"menu_order":0,"comment_status":"closed","ping_status":"closed","template":"","meta":{"footnotes":""},"_links":{"self":[{"href":"https:\/\/www.praxis-wohlgenannt.at\/2\/wp-json\/wp\/v2\/pages\/196"}],"collection":[{"href":"https:\/\/www.praxis-wohlgenannt.at\/2\/wp-json\/wp\/v2\/pages"}],"about":[{"href":"https:\/\/www.praxis-wohlgenannt.at\/2\/wp-json\/wp\/v2\/types\/page"}],"author":[{"embeddable":true,"href":"https:\/\/www.praxis-wohlgenannt.at\/2\/wp-json\/wp\/v2\/users\/1"}],"replies":[{"embeddable":true,"href":"https:\/\/www.praxis-wohlgenannt.at\/2\/wp-json\/wp\/v2\/comments?post=196"}],"version-history":[{"count":3,"href":"https:\/\/www.praxis-wohlgenannt.at\/2\/wp-json\/wp\/v2\/pages\/196\/revisions"}],"predecessor-version":[{"id":607,"href":"https:\/\/www.praxis-wohlgenannt.at\/2\/wp-json\/wp\/v2\/pages\/196\/revisions\/607"}],"wp:attachment":[{"href":"https:\/\/www.praxis-wohlgenannt.at\/2\/wp-json\/wp\/v2\/media?parent=196"}],"curies":[{"name":"wp","href":"https:\/\/api.w.org\/{rel}","templated":true}]}}