{"id":198,"date":"2019-06-05T17:22:52","date_gmt":"2019-06-05T15:22:52","guid":{"rendered":"http:\/\/www.praxis-wohlgenannt.at\/2\/?page_id=198"},"modified":"2024-10-27T17:48:19","modified_gmt":"2024-10-27T16:48:19","slug":"uebergewicht-adipositas","status":"publish","type":"page","link":"https:\/\/www.praxis-wohlgenannt.at\/2\/uebergewicht-adipositas\/","title":{"rendered":"\u00dcBERGEWICHT\/ADIPOSITAS"},"content":{"rendered":"\n<p>Je nach Ausma\u00df des Ungleichgewichtes zwischen Gr\u00f6\u00dfe und Gewicht (BMI) unterscheidet man zwischen \u00dcbergewicht und Adipositas. Leider ist die Anzahl der betroffenen Kinder im Steigen. Wir nehmen zu viel an Kalorien zu uns, und verbrennen diese zu wenig durch fehlende Bewegung. &nbsp;Da Folgeerkrankungen leider nicht gleich sp\u00fcrbare Beschwerden machen (Bluthochdruck, Diabetes) oder erst Jahre sp\u00e4ter zu Tage treten, wie Herzinfarkt, Hirnschlag, Probleme des Bewegungsapparates, wird das Thema nicht ernstgenommen und oft zu sp\u00e4t entsprechende Gegenma\u00dfnahmen gesetzt.<\/p>\n\n\n\n<p>Nur selten sind Stoffwechselerkrankungen daf\u00fcr verantwortlich, die in einer Blutabnahme ausgeschlossen werden k\u00f6nnen. <\/p>\n\n\n\n<p>Durch regelm\u00e4\u00dfige Gesundheitskontrollen, gezielte Di\u00e4tberatung sowie die M\u00f6glichkeit der Teilnahme am Programm \u201eX-Team\u201c in Zusammenarbeit mit dem AKS unterst\u00fctzen wir aktiv die Gesundheitsf\u00f6rderung unserer Patient. F\u00fcr VGKK-Versicherte stehen zudem das kostenfreie \u201eEasy Kids\u201c-Programm sowie die M\u00f6glichkeit eines dreiw\u00f6chigen Kuraufenthalts im Rehabilitationszentrum Leuwald zur Verf\u00fcgung.<\/p>\n\n\n\n<p><a href=\"https:\/\/www.praxis-wohlgenannt.at\/2\/?page_id=35\">Zur\u00fcck zu den Leistungen<\/a><\/p>\n","protected":false},"excerpt":{"rendered":"<p>Je nach Ausma\u00df des Ungleichgewichtes zwischen Gr\u00f6\u00dfe und Gewicht (BMI) unterscheidet man zwischen \u00dcbergewicht und Adipositas. Leider ist die Anzahl der betroffenen Kinder im Steigen. Wir nehmen zu viel an Kalorien zu uns, und verbrennen diese zu wenig durch fehlende Bewegung. &nbsp;Da Folgeerkrankungen leider nicht gleich sp\u00fcrbare Beschwerden machen (Bluthochdruck, Diabetes) oder erst Jahre sp\u00e4ter zu Tage treten, wie Herzinfarkt,<\/p>\n<p><a class=\"more-link\" href=\"https:\/\/www.praxis-wohlgenannt.at\/2\/uebergewicht-adipositas\/\">Weiterlesen<\/a><\/p>\n","protected":false},"author":1,"featured_media":0,"parent":0,"menu_order":0,"comment_status":"closed","ping_status":"closed","template":"","meta":{"footnotes":""},"_links":{"self":[{"href":"https:\/\/www.praxis-wohlgenannt.at\/2\/wp-json\/wp\/v2\/pages\/198"}],"collection":[{"href":"https:\/\/www.praxis-wohlgenannt.at\/2\/wp-json\/wp\/v2\/pages"}],"about":[{"href":"https:\/\/www.praxis-wohlgenannt.at\/2\/wp-json\/wp\/v2\/types\/page"}],"author":[{"embeddable":true,"href":"https:\/\/www.praxis-wohlgenannt.at\/2\/wp-json\/wp\/v2\/users\/1"}],"replies":[{"embeddable":true,"href":"https:\/\/www.praxis-wohlgenannt.at\/2\/wp-json\/wp\/v2\/comments?post=198"}],"version-history":[{"count":5,"href":"https:\/\/www.praxis-wohlgenannt.at\/2\/wp-json\/wp\/v2\/pages\/198\/revisions"}],"predecessor-version":[{"id":665,"href":"https:\/\/www.praxis-wohlgenannt.at\/2\/wp-json\/wp\/v2\/pages\/198\/revisions\/665"}],"wp:attachment":[{"href":"https:\/\/www.praxis-wohlgenannt.at\/2\/wp-json\/wp\/v2\/media?parent=198"}],"curies":[{"name":"wp","href":"https:\/\/api.w.org\/{rel}","templated":true}]}}